{"id":1564,"date":"2025-02-17T12:19:06","date_gmt":"2025-02-17T11:19:06","guid":{"rendered":"https:\/\/acarapets.com\/datenschutzerklaerung\/"},"modified":"2025-03-15T15:33:47","modified_gmt":"2025-03-15T14:33:47","slug":"datenschutzerklaerung","status":"publish","type":"page","link":"https:\/\/acarapets.com\/de\/datenschutzerklaerung\/","title":{"rendered":"Datenschutzerkl\u00e4rung"},"content":{"rendered":"\n<p><strong>1. IDENTIT\u00c4T UND ANSCHRIFT DES VERANTWORTLICHEN<\/strong><\/p>\n\n<p>In \u00dcbereinstimmung mit den gesetzlichen Bestimmungen zum Schutz personenbezogener Daten, ACARAPETS LLC, mit der Adresse <strong>4300 Ridgecrest Dr SE, Rio Rancho, New Mexico, 87124, Vereinigte Staaten<\/strong>, und der Kontakt-E-Mail-Adresse <a><strong>info@acarapets.com<\/strong><\/a>ist verantwortlich f\u00fcr die Verarbeitung Ihrer pers\u00f6nlichen Daten.<\/p>\n\n<p><strong>2. ERHOBENE PERSONENBEZOGENE DATEN<\/strong><\/p>\n\n<p>ACARAPETS erhebt und verarbeitet die folgenden personenbezogenen Daten:<\/p>\n\n<ul class=\"wp-block-list\">\n<li><strong>Identifikations- und Kontaktdaten:<\/strong> Name, Familienstand, RFC, CURP, Geburtsort und -datum, Staatsangeh\u00f6rigkeit, Adresse, Telefonnummern, E-Mail-Adresse, Unterschrift oder elektronische Signatur, Alter und Foto.<\/li>\n\n\n\n<li><strong>Angaben zu k\u00f6rperlichen Merkmalen:<\/strong> Hautfarbe, Irisfarbe, Haarfarbe, besondere Merkmale, Gr\u00f6\u00dfe, Gewicht, Narben, Blutgruppe.<\/li>\n\n\n\n<li><strong>Besch\u00e4ftigungsdaten: Berufsbezeichnung<\/strong> oder Position, Arbeitsadresse, institutionelle E-Mail-Adresse, institutionelle Telefonnummer, Arbeitszeugnisse, Informationen \u00fcber Einstellungs- und Einstellungsprozesse, Berufsausbildung.<\/li>\n\n\n\n<li><strong>Akademische Daten:<\/strong> Bildungshintergrund, Diplome, berufliche Qualifikationen, Zertifikate, Auszeichnungen.<\/li>\n\n\n\n<li><strong>Migrationsdaten:<\/strong> Ein- und Ausreise, Dauer des Aufenthalts, Migrationsstatus, Aufenthaltsrecht.<\/li>\n\n\n\n<li><strong>Finanz- und\/oder Verm\u00f6gensdaten:<\/strong> bewegliches und unbewegliches Verm\u00f6gen, Steuerinformationen, Kreditgeschichte, Einkommen, Ausgaben, Bankkonten, Anzahl der Kreditkarten, Versicherungen und \u00c4hnliches.<\/li>\n\n\n\n<li><strong>Angaben zu Hobbys:<\/strong> Hobbys, Sport, Spiele von Interesse.<\/li>\n\n\n\n<li><strong>Daten zum Surfen auf der Website:<\/strong> Kennungen, Benutzername und Sitzungspassw\u00f6rter, bevorzugte Sprache, Region, Browsertyp, Betriebssystem, Datum und Uhrzeit der Sitzung, besuchte Seiten, durchgef\u00fchrte Suchvorg\u00e4nge, betrachtete Werbung, Listen und Konsumgewohnheiten.<\/li>\n<\/ul>\n\n<p><strong>3. ZWECK DER VERARBEITUNG PERSONENBEZOGENER DATEN<\/strong><\/p>\n\n<p>Die erhobenen personenbezogenen Daten werden f\u00fcr folgende Hauptzwecke verwendet:<\/p>\n\n<ul class=\"wp-block-list\">\n<li>Beantwortung von Nachrichten aus dem Kontaktformular.<\/li>\n\n\n\n<li>Bereitstellung der angeforderten Dienstleistungen.<\/li>\n\n\n\n<li>Versand von Produkten, die im Online-Shop gekauft wurden.<\/li>\n<\/ul>\n\n<p><strong>4. SCHUTZ SENSIBLER PERSONENBEZOGENER DATEN<\/strong><\/p>\n\n<p>ACARAPETS erhebt oder verarbeitet keine sensiblen personenbezogenen Daten wie ethnische Herkunft, Gesundheitszustand, religi\u00f6se \u00dcberzeugungen, politische Meinungen oder sexuelle Orientierung.<\/p>\n\n<p><strong>5. \u00dcBERMITTLUNG PERSONENBEZOGENER DATEN<\/strong><\/p>\n\n<p>ACARAPETS gibt keine personenbezogenen Daten an Dritte weiter oder \u00fcbertr\u00e4gt sie.<\/p>\n\n<p><strong>6. ARCO-RECHTE (AUSKUNFT, BERICHTIGUNG, L\u00d6SCHUNG UND WIDERSPRUCH)<\/strong><\/p>\n\n<p>Betroffene Personen haben das Recht, Auskunft \u00fcber ihre personenbezogenen Daten zu verlangen, deren Berichtigung oder L\u00f6schung zu beantragen oder der Verarbeitung zu widersprechen (ARCO-Rechte). Um diese Rechte auszu\u00fcben, muss der Inhaber einen Antrag an die folgende E-Mail-Adresse senden <strong><a><strong>info@acarapets.com<\/strong><\/a><\/strong>.<\/p>\n\n<p>ACARAPETS antwortet auf Anfragen zu ARCO-Rechten innerhalb von maximal <strong>5 Arbeitstagen<\/strong> nach Eingang der Anfrage. Die Antwort wird an dieselbe E-Mail-Adresse gesendet, von der aus die Anfrage gestellt wurde.<\/p>\n\n<p><strong>7. VERWENDUNG VON COOKIES UND \u00c4HNLICHEN TECHNOLOGIEN<\/strong><\/p>\n\n<p>ACARAPETS verwendet Cookies und andere Tracking-Technologien, um die Benutzererfahrung auf der Website zu verbessern. Die gesammelten Informationen k\u00f6nnen Spracheinstellungen, Region, Browsertyp, besuchte Seiten und Konsumgewohnheiten umfassen. Benutzer k\u00f6nnen die Verwendung von Cookies in den Einstellungen ihres Browsers deaktivieren.<\/p>\n\n<p><strong>8. \u00c4NDERUNGEN DER DATENSCHUTZERKL\u00c4RUNG<\/strong><\/p>\n\n<p>ACARAPETS beh\u00e4lt sich das Recht vor, diese Datenschutzerkl\u00e4rung jederzeit zu \u00e4ndern. Alle \u00c4nderungen werden auf der Website ver\u00f6ffentlicht <a><strong>www.acarapets.com<\/strong><\/a>. Den Nutzern wird empfohlen, dieses Dokument regelm\u00e4\u00dfig zu \u00fcberpr\u00fcfen.<\/p>\n\n<p><strong>9. KONTAKT<\/strong><\/p>\n\n<p>F\u00fcr Fragen oder Anfragen im Zusammenhang mit dieser Datenschutzerkl\u00e4rung kontaktieren Sie bitte:<\/p>\n\n<p><strong>E-Mail<\/strong>: <a><strong>info@acarapets.com<\/strong><\/a><br\/><strong>Adresse:<\/strong> 4300 Ridgecrest Dr SE, Rio Rancho, New Mexico, 87124, Vereinigte Staaten<\/p>\n","protected":false},"excerpt":{"rendered":"<p>1. IDENTIT\u00c4T UND ANSCHRIFT DES VERANTWORTLICHEN In \u00dcbereinstimmung mit den gesetzlichen Bestimmungen zum Schutz personenbezogener Daten, ACARAPETS LLC, mit der Adresse 4300 Ridgecrest Dr SE, Rio Rancho, New Mexico, 87124, Vereinigte Staaten, und der Kontakt-E-Mail-Adresse info@acarapets.comist verantwortlich f\u00fcr die Verarbeitung Ihrer pers\u00f6nlichen Daten. 2. ERHOBENE PERSONENBEZOGENE DATEN ACARAPETS erhebt und verarbeitet die folgenden personenbezogenen Daten: [&hellip;]<\/p>\n","protected":false},"author":1,"featured_media":0,"parent":0,"menu_order":0,"comment_status":"closed","ping_status":"closed","template":"","meta":{"footnotes":""},"class_list":["post-1564","page","type-page","status-publish","hentry"],"blocksy_meta":[],"_links":{"self":[{"href":"https:\/\/acarapets.com\/de\/wp-json\/wp\/v2\/pages\/1564","targetHints":{"allow":["GET"]}}],"collection":[{"href":"https:\/\/acarapets.com\/de\/wp-json\/wp\/v2\/pages"}],"about":[{"href":"https:\/\/acarapets.com\/de\/wp-json\/wp\/v2\/types\/page"}],"author":[{"embeddable":true,"href":"https:\/\/acarapets.com\/de\/wp-json\/wp\/v2\/users\/1"}],"replies":[{"embeddable":true,"href":"https:\/\/acarapets.com\/de\/wp-json\/wp\/v2\/comments?post=1564"}],"version-history":[{"count":1,"href":"https:\/\/acarapets.com\/de\/wp-json\/wp\/v2\/pages\/1564\/revisions"}],"predecessor-version":[{"id":1565,"href":"https:\/\/acarapets.com\/de\/wp-json\/wp\/v2\/pages\/1564\/revisions\/1565"}],"wp:attachment":[{"href":"https:\/\/acarapets.com\/de\/wp-json\/wp\/v2\/media?parent=1564"}],"curies":[{"name":"wp","href":"https:\/\/api.w.org\/{rel}","templated":true}]}}