{"id":1575,"date":"2025-02-17T12:01:02","date_gmt":"2025-02-17T11:01:02","guid":{"rendered":"https:\/\/acarapets.com\/allgemeine-geschaeftsbedingungen\/"},"modified":"2026-02-04T21:56:59","modified_gmt":"2026-02-04T20:56:59","slug":"allgemeine-geschaeftsbedingungen","status":"publish","type":"page","link":"https:\/\/acarapets.com\/de\/allgemeine-geschaeftsbedingungen\/","title":{"rendered":"Allgemeine Gesch\u00e4ftsbedingungen"},"content":{"rendered":"\n<p><br><strong>Zuletzt aktualisiert:<\/strong> 2026 <strong>Webseite:<\/strong> <a target=\"_blank\" rel=\"noreferrer noopener\" href=\"https:\/\/www.acarapets.com\">www.acarapets.com<\/a><\/p>\n\n\n\n<p>Willkommen bei Acarapets. Bitte lesen Sie diese Allgemeinen Gesch\u00e4ftsbedingungen (\u201eBedingungen\u201c, \u201eNutzungsbedingungen\u201c) sorgf\u00e4ltig durch, bevor Sie die Website <a target=\"_blank\" rel=\"noreferrer noopener\" href=\"https:\/\/acarapets.com\">https:\/\/acarapets.com<\/a> (den \u201eDienst\u201c), die von Acarapets (\u201euns\u201c, \u201ewir\u201c oder \u201eunser\u201c) betrieben wird, nutzen.<\/p>\n\n\n\n<p>Durch den Zugriff auf den Dienst oder dessen Nutzung erkl\u00e4ren Sie sich mit diesen Bedingungen einverstanden. Wenn Sie mit einem Teil der Bedingungen nicht einverstanden sind, d\u00fcrfen Sie nicht auf den Dienst zugreifen.<\/p>\n\n\n\n<h3 class=\"wp-block-heading\">1. K\u00e4ufe und Produkte<\/h3>\n\n\n\n<p>Wenn Sie ein Produkt oder eine Dienstleistung kaufen m\u00f6chten, die \u00fcber den Dienst bereitgestellt wird (\u201eKauf\u201c), werden Sie m\u00f6glicherweise gebeten, bestimmte f\u00fcr Ihren Kauf relevante Informationen anzugeben, einschlie\u00dflich, aber nicht beschr\u00e4nkt auf Ihre Kreditkartennummer, das Ablaufdatum Ihrer Kreditkarte, Ihre Rechnungsadresse und Ihre Versandinformationen.<\/p>\n\n\n\n<p>Wir behalten uns das Recht vor, Ihre Bestellung jederzeit aus bestimmten Gr\u00fcnden abzulehnen oder zu stornieren, einschlie\u00dflich, aber nicht beschr\u00e4nkt auf: Verf\u00fcgbarkeit von Produkten oder Dienstleistungen, Fehler in der Beschreibung oder im Preis des Produkts oder der Dienstleistung, Fehler in Ihrer Bestellung oder aus anderen Gr\u00fcnden.<\/p>\n\n\n\n<h3 class=\"wp-block-heading\">2. Produktkonformit\u00e4t, Sicherheit und Dokumentation (Amazon US &amp; Allgemeine Standards)<\/h3>\n\n\n\n<p>Wir verpflichten uns, sichere und qualitativ hochwertige Produkte f\u00fcr Ihre Haustiere anzubieten. In \u00dcbereinstimmung mit den geltenden Gesetzen, Sicherheitsstandards und den Anforderungen von Drittanbieter-Marktpl\u00e4tzen (einschlie\u00dflich Amazon US) stellt Acarapets seinen Kunden relevante Produktinformationen und Dokumentationen zur Verf\u00fcgung.<\/p>\n\n\n\n<p>Je nach der spezifischen Kategorie des gekauften Produkts (z. B. elektronische Hundehalsb\u00e4nder, Nahrungserg\u00e4nzungsmittel, Pflegebedarf oder allgemeines Zubeh\u00f6r) sind die folgenden Dokumentationen und Informationen, wo zutreffend, entweder auf der Produktverpackung, der Produktdetailseite oder auf direkte Anfrage erh\u00e4ltlich:<\/p>\n\n\n\n<ul class=\"wp-block-list\">\n<li><strong>Benutzerhandb\u00fccher &amp; Anleitungen:<\/strong> Anwendungsleitfaden, Installationshandbuch, Gebrauchsanweisung, Benutzerhandbuch, Bedienungsanleitung.<\/li>\n\n\n\n<li><strong>Sicherheit &amp; Daten:<\/strong> Sicherheitsdatenblatt (SDS), Sicherheitsinformationen, Transparenzerkl\u00e4rung zum Datengesetz (Data Act).<\/li>\n\n\n\n<li><strong>Zertifizierungen &amp; Konformit\u00e4t:<\/strong> Konformit\u00e4tsbescheinigung (Certificate of Compliance), Produktkonformit\u00e4tszertifikat.<\/li>\n\n\n\n<li><strong>Gesundheitswesen &amp; Notfall (falls zutreffend):<\/strong> Notfallzulassung (EUA), \u00c4nderung der Notfallzulassung, Patienten-Informationsblatt, Anbieter-Informationsblatt.<\/li>\n\n\n\n<li><strong>Kompatibilit\u00e4t:<\/strong> Kompatibilit\u00e4tsleitfaden.<\/li>\n\n\n\n<li><strong>Garantie:<\/strong> Garantieinformationen.<\/li>\n<\/ul>\n\n\n\n<p>Bitte beachten Sie, dass nicht alle oben aufgef\u00fchrten Dokumente f\u00fcr jedes Produkt gelten. Zum Beispiel sind Dokumente zur \u201eNotfallzulassung\u201c streng auf Produkte beschr\u00e4nkt, die spezifischen FDA-Vorschriften unterliegen, und gelten m\u00f6glicherweise nicht f\u00fcr allgemeines Haustierzubeh\u00f6r. Beziehen Sie sich immer auf das spezifische Etikett und die Anweisungen, die mit Ihrem physischen Produkt geliefert werden.<\/p>\n\n\n\n<h3 class=\"wp-block-heading\">3. Gew\u00e4hrleistung und Haftungsausschluss<\/h3>\n\n\n\n<p>Sofern in einem spezifischen \u201eGarantie\u201c-Dokument, das mit Ihrem Produkt geliefert wurde, nichts anderes ausdr\u00fccklich angegeben ist:<\/p>\n\n\n\n<p>Die Nutzung unserer Produkte erfolgt auf Ihr alleiniges Risiko. Die Produkte werden \u201eWIE BESEHEN\u201c (AS IS) und \u201eWIE VERF\u00dcGBAR\u201c (AS AVAILABLE) bereitgestellt. Die Produkte werden ohne jegliche ausdr\u00fcckliche oder stills<sup><\/sup>chweigende Gew\u00e4<sup><\/sup>hrleistung bereitgestellt, einschlie\u00dflich, aber nicht beschr\u00e4nkt auf stillschweigende Gew\u00e4hrleistungen der Marktg\u00e4ngigkeit, der Eignung f\u00fcr einen bestimmten Zweck, der Nichtverletzung von Rechten Dritter oder des Leistungsverlaufs.<\/p>\n\n\n\n<p><strong>Haftungsbeschr\u00e4nkung:<\/strong> Acarapets haftet nicht f\u00fcr indirekte, zuf\u00e4llige, besondere, folge- oder strafrechtliche Sch\u00e4den, einschlie\u00dflich, aber nicht beschr\u00e4nkt auf Verletzungen von Haustieren oder Personen, die aus der unsachgem\u00e4\u00dfen Verwendung unserer Produkte resultieren.<\/p>\n\n\n\n<h3 class=\"wp-block-heading\">4. R\u00fcckgaben und R\u00fcckerstattungen<\/h3>\n\n\n\n<p>F\u00fcr K\u00e4ufe, die direkt \u00fcber Acarapets.com get\u00e4tigt wurden, verweisen wir auf unsere Kontaktseite unter <a target=\"_blank\" rel=\"noreferrer noopener\" href=\"https:\/\/acarapets.com\/contact\/\">https:\/\/acarapets.com\/contact\/<\/a>. Wenn Sie unsere Produkte \u00fcber Amazon.com gekauft haben, gelten f\u00fcr diese spezifische Transaktion die R\u00fcckgabe- und R\u00fcckerstattungsrichtlinien von Amazon.<\/p>\n\n\n\n<h3 class=\"wp-block-heading\">5. Anwendbares Recht<\/h3>\n\n\n\n<p>Diese Bedingungen unterliegen den Gesetzen des Bundesstaates New Mexico, Vereinigte Staaten, und werden in \u00dcbereinstimmung mit diesen ausgelegt, ohne R\u00fccksicht auf die Bestimmungen des Kollisionsrechts.<\/p>\n\n\n\n<h3 class=\"wp-block-heading\">6. Kontaktieren Sie uns<\/h3>\n\n\n\n<p>Wenn Sie Fragen zu diesen Bedingungen haben oder spezifische Unterlagen f\u00fcr ein von Ihnen gekauftes Produkt ben\u00f6tigen (wie z. B. ein Sicherheitsdatenblatt oder eine Konformit\u00e4tsbescheinigung), kontaktieren Sie uns bitte:<\/p>\n\n\n\n<p><strong>Web:<\/strong> <a href=\"https:\/\/acarapets.com\/contact\/\" target=\"_blank\" rel=\"noreferrer noopener\">https:\/\/acarapets.com\/contact\/<\/a><\/p>\n\n\n\n<p><strong>E-Mail:<\/strong> info@acarapets.com<\/p>\n\n\n\n<p><\/p>\n","protected":false},"excerpt":{"rendered":"<p>Zuletzt aktualisiert: 2026 Webseite: www.acarapets.com Willkommen bei Acarapets. Bitte lesen Sie diese Allgemeinen Gesch\u00e4ftsbedingungen (\u201eBedingungen\u201c, \u201eNutzungsbedingungen\u201c) sorgf\u00e4ltig durch, bevor Sie die Website https:\/\/acarapets.com (den \u201eDienst\u201c), die von Acarapets (\u201euns\u201c, \u201ewir\u201c oder \u201eunser\u201c) betrieben wird, nutzen. Durch den Zugriff auf den Dienst oder dessen Nutzung erkl\u00e4ren Sie sich mit diesen Bedingungen einverstanden. Wenn Sie mit einem [&hellip;]<\/p>\n","protected":false},"author":1,"featured_media":0,"parent":0,"menu_order":0,"comment_status":"closed","ping_status":"closed","template":"","meta":{"footnotes":""},"class_list":["post-1575","page","type-page","status-publish","hentry"],"blocksy_meta":[],"_links":{"self":[{"href":"https:\/\/acarapets.com\/de\/wp-json\/wp\/v2\/pages\/1575","targetHints":{"allow":["GET"]}}],"collection":[{"href":"https:\/\/acarapets.com\/de\/wp-json\/wp\/v2\/pages"}],"about":[{"href":"https:\/\/acarapets.com\/de\/wp-json\/wp\/v2\/types\/page"}],"author":[{"embeddable":true,"href":"https:\/\/acarapets.com\/de\/wp-json\/wp\/v2\/users\/1"}],"replies":[{"embeddable":true,"href":"https:\/\/acarapets.com\/de\/wp-json\/wp\/v2\/comments?post=1575"}],"version-history":[{"count":3,"href":"https:\/\/acarapets.com\/de\/wp-json\/wp\/v2\/pages\/1575\/revisions"}],"predecessor-version":[{"id":2447,"href":"https:\/\/acarapets.com\/de\/wp-json\/wp\/v2\/pages\/1575\/revisions\/2447"}],"wp:attachment":[{"href":"https:\/\/acarapets.com\/de\/wp-json\/wp\/v2\/media?parent=1575"}],"curies":[{"name":"wp","href":"https:\/\/api.w.org\/{rel}","templated":true}]}}