{"id":1612,"date":"2021-11-30T15:47:03","date_gmt":"2021-11-30T14:47:03","guid":{"rendered":"https:\/\/acarapets.com\/product\/fahrradgurt-und-gurtzeug\/"},"modified":"2021-11-30T15:47:03","modified_gmt":"2021-11-30T14:47:03","slug":"fahrradgurt-und-gurtzeug","status":"publish","type":"product","link":"https:\/\/acarapets.com\/de\/produkt\/fahrradgurt-und-gurtzeug\/","title":{"rendered":"Fahrradgurt und Gurtzeug"},"content":{"rendered":"<p data-start=\"353\" data-end=\"437\">\ud83d\udeb4\u200d\u2642\ufe0f <strong data-start=\"359\" data-end=\"435\">Der perfekte Rucksack f\u00fcr einen sicheren und komfortablen Spaziergang mit Ihrem Hund.<\/strong><\/p>\n<p data-start=\"439\" data-end=\"636\">Unsere <strong data-start=\"447\" data-end=\"493\">BIKE AND DOG Fahrradleine und das Fahrradgeschirr<\/strong> sind so konzipiert, dass sie <strong data-start=\"526\" data-end=\"558\">maximale Stabilit\u00e4t und Kontrolle<\/strong> bieten, das Ziehen minimieren und eine sichere Fahrt f\u00fcr Sie und Ihren Hund gew\u00e4hrleisten.<\/p>\n<p data-start=\"638\" data-end=\"1407\">\ud83d\udd39 <strong data-start=\"641\" data-end=\"661\">Optimaler Halt:<\/strong> Der Gurt wird an der <strong data-start=\"687\" data-end=\"714\">Hinterradachse<\/strong> verankert, wodurch der Hebelarm auf ein Minimum reduziert und ein ruckartiges Ausbalancieren des Fahrrads verhindert wird.<br data-start=\"811\" data-end=\"814\">\ud83d\udd39 <strong data-start=\"817\" data-end=\"846\">Werkzeuglose Montage:<\/strong> in <strong data-start=\"872\" data-end=\"887\">10 Sekunden<\/strong> installiert und demontiert.<br data-start=\"888\" data-end=\"891\">\ud83d\udd39 <strong data-start=\"894\" data-end=\"915\">Faltbares System:<\/strong> Wenn Sie den Gurt nicht verwenden, k\u00f6nnen Sie ihn mit den mitgelieferten <strong data-start=\"985\" data-end=\"1006\">Spezialgurten<\/strong> auf das Fahrrad falten.<br data-start=\"1017\" data-end=\"1020\">\ud83d\udd39 <strong data-start=\"1023\" data-end=\"1057\">Geschirr mit 3 Metallringen:<\/strong><br data-start=\"1057\" data-end=\"1060\">\u2705 <strong data-start=\"1065\" data-end=\"1088\">2<\/strong> verst\u00e4rkte <strong data-start=\"1065\" data-end=\"1088\">Seitenringe<\/strong>, um Ihren Hund sicher zu fixieren.<br data-start=\"1140\" data-end=\"1143\">\u2705 <strong data-start=\"1148\" data-end=\"1169\">1 oberer Ring<\/strong> f\u00fcr kontrollierteres Gehen.<br data-start=\"1206\" data-end=\"1209\">\u2705 <strong data-start=\"1214\" data-end=\"1252\">Schnellverschluss und ergonomischer Griff.<\/strong><br data-start=\"1252\" data-end=\"1255\">\ud83d\udd39 <strong data-start=\"1258\" data-end=\"1281\">Maximaler Widerstand:<\/strong> Entwickelt f\u00fcr die Verwendung mit <strong data-start=\"1307\" data-end=\"1330\">einem oder mehreren Hunden<\/strong>, unabh\u00e4ngig von Gr\u00f6\u00dfe oder Rasse.<br data-start=\"1359\" data-end=\"1362\">\ud83d\udd39  <strong data-start=\"1365\" data-end=\"1405\">Kompatibel mit allen Fahrr\u00e4dern.<\/strong><\/p>\n<p data-start=\"1409\" data-end=\"1535\">\ud83c\udfc6 <strong data-start=\"1412\" data-end=\"1433\">Patentiertes System<\/strong>, um die Sicherheit und das Wohlbefinden Ihres Hundes beim Laufen und Trainieren auf nat\u00fcrliche Weise zu gew\u00e4hrleisten.<\/p>\n<p>&nbsp;<\/p>\n","protected":false},"excerpt":{"rendered":"<h2 id=\"title\" class=\"a-size-large a-spacing-none\"><strong data-start=\"1587\" data-end=\"1642\">BIKE AND DOG Hundeleine und Geschirr f\u00fcr das Fahrrad<\/strong>, <strong data-start=\"1652\" data-end=\"1672\">werkzeuglose<\/strong> Befestigung, Geschirr mit <strong data-start=\"1684\" data-end=\"1707\">3 Metallringen<\/strong> und ergonomischem Griff. Inklusive <strong data-start=\"1737\" data-end=\"1760\">2 speziellen Fahrradkabelbindern<\/strong>. \ud83d\udeb4\u200d\u2642\ufe0f\ud83d\udc36  <\/h2>\n","protected":false},"featured_media":672,"template":"","meta":[],"product_brand":[26,39],"product_cat":[113,115],"product_tag":[196,198,168,180,176,195,202,197,201,199],"class_list":{"0":"post-1612","1":"product","2":"type-product","3":"status-publish","4":"has-post-thumbnail","6":"product_brand-acarapets","7":"product_brand-bike-and-dog","8":"product_cat-geschirre","9":"product_cat-leinen","10":"product_tag-fahrradtour-mit-hund","11":"product_tag-freihandige-hundeleine","12":"product_tag-hund-fahrrad-zubehor","13":"product_tag-hundegeschirr-fur-fahrrad","14":"product_tag-hundegeschirr-mit-3-ringen","15":"product_tag-hundeleine-fahrrad","16":"product_tag-hundeleine-und-fahrradgeschirr","17":"product_tag-laufen-mit-einem-hundefahrrad","18":"product_tag-sichere-fahrradhalterung-fur-hunde","19":"product_tag-sport-mit-hunden","21":"first","22":"instock","23":"featured","24":"shipping-taxable","25":"purchasable","26":"product-type-variable"},"_links":{"self":[{"href":"https:\/\/acarapets.com\/de\/wp-json\/wp\/v2\/product\/1612","targetHints":{"allow":["GET"]}}],"collection":[{"href":"https:\/\/acarapets.com\/de\/wp-json\/wp\/v2\/product"}],"about":[{"href":"https:\/\/acarapets.com\/de\/wp-json\/wp\/v2\/types\/product"}],"wp:featuredmedia":[{"embeddable":true,"href":"https:\/\/acarapets.com\/de\/wp-json\/wp\/v2\/media\/672"}],"wp:attachment":[{"href":"https:\/\/acarapets.com\/de\/wp-json\/wp\/v2\/media?parent=1612"}],"wp:term":[{"taxonomy":"product_brand","embeddable":true,"href":"https:\/\/acarapets.com\/de\/wp-json\/wp\/v2\/product_brand?post=1612"},{"taxonomy":"product_cat","embeddable":true,"href":"https:\/\/acarapets.com\/de\/wp-json\/wp\/v2\/product_cat?post=1612"},{"taxonomy":"product_tag","embeddable":true,"href":"https:\/\/acarapets.com\/de\/wp-json\/wp\/v2\/product_tag?post=1612"}],"curies":[{"name":"wp","href":"https:\/\/api.w.org\/{rel}","templated":true}]}}