{"id":1628,"date":"2025-03-10T11:42:57","date_gmt":"2025-03-10T10:42:57","guid":{"rendered":"https:\/\/acarapets.com\/product\/anti-suffizienz-hundehalsband\/"},"modified":"2025-03-10T11:42:57","modified_gmt":"2025-03-10T10:42:57","slug":"anti-suffizienz-hundehalsband","status":"publish","type":"product","link":"https:\/\/acarapets.com\/de\/produkt\/anti-suffizienz-hundehalsband\/","title":{"rendered":"Anti-Suffizienz-Hundehalsband"},"content":{"rendered":"<p data-start=\"766\" data-end=\"979\">Das <strong data-start=\"769\" data-end=\"799\">ACARAPETS Hundehalsband<\/strong> ist die beste Wahl f\u00fcr sichere und komfortable Spazierg\u00e4nge. Sein <strong data-start=\"860\" data-end=\"873\">Anti-W\u00fcrge-Design<\/strong> mit einem <strong data-start=\"878\" data-end=\"912\">starren Teil unter dem Griff<\/strong> verhindert Druck auf den Hals und reduziert so das Verletzungsrisiko. <\/p>\n<p data-start=\"981\" data-end=\"1453\">\u2714 <strong data-start=\"983\" data-end=\"1004\">Innovatives Design:<\/strong> Zwei Hakenringe verhindern \u00fcberm\u00e4\u00dfigen Druck auf den Hals.<br data-start=\"1073\" data-end=\"1076\">\u2714 <strong data-start=\"1078\" data-end=\"1100\">Ergonomischer Griff:<\/strong> Verst\u00e4rkter Griff zum Halten, ohne den Hund zu verletzen.<br data-start=\"1147\" data-end=\"1150\">\u2714 <strong data-start=\"1152\" data-end=\"1177\">Reflektierendes Material:<\/strong> Erh\u00f6ht die Sichtbarkeit bei schlechten Lichtverh\u00e4ltnissen.<br data-start=\"1228\" data-end=\"1231\"><strong data-start=\"1233\" data-end=\"1271\">Atmungsaktiv und wasserdicht:<\/strong> Ideal f\u00fcr alle Wetterbedingungen.<br data-start=\"1302\" data-end=\"1305\">\u2714 <strong data-start=\"1307\" data-end=\"1334\">Schneller und sicherer Verschluss:<\/strong> Einfaches An- und Ablegen in Sekundenschnelle.<br data-start=\"1371\" data-end=\"1374\">\u2714 <strong data-start=\"1376\" data-end=\"1415\">Erh\u00e4ltlich in 3 Farben und 4 Gr\u00f6\u00dfen:<\/strong> Geeignet f\u00fcr alle Rassen und Gr\u00f6\u00dfen.<\/p>\n<p data-start=\"1455\" data-end=\"1479\">\ud83d\udccf <strong data-start=\"1458\" data-end=\"1477\">Gr\u00f6\u00dfentabelle:<\/strong><\/p>\n<ul data-start=\"1480\" data-end=\"1560\">\n<li data-start=\"1480\" data-end=\"1500\"><strong data-start=\"1482\" data-end=\"1489\">XS:<\/strong> 26-33 cm<\/li>\n<li data-start=\"1501\" data-end=\"1520\"><strong data-start=\"1503\" data-end=\"1509\">S:<\/strong> 33-41 cm<\/li>\n<li data-start=\"1521\" data-end=\"1540\"><strong data-start=\"1523\" data-end=\"1529\">M:<\/strong> 41-49 cm<\/li>\n<li data-start=\"1541\" data-end=\"1560\"><strong data-start=\"1543\" data-end=\"1549\">L:<\/strong> 49-63 cm<\/li>\n<\/ul>\n<p data-start=\"1562\" data-end=\"1751\">\ud83d\udecd\ufe0f <strong data-start=\"1566\" data-end=\"1578\">Inklusive:<\/strong> 1 Halsband mit verst\u00e4rkten Metallringen und Schnellverschluss.<br data-start=\"1637\" data-end=\"1640\">\u26a0\ufe0f <strong data-start=\"1643\" data-end=\"1652\">Hinweis:<\/strong> Die <strong data-start=\"1656\" data-end=\"1673\">gegabelte Leine<\/strong> ist die perfekte Erg\u00e4nzung zu diesem Halsband, erh\u00e4ltlich in unserem Shop! <\/p>\n","protected":false},"excerpt":{"rendered":"<p>Hundehalsband mit <strong data-start=\"487\" data-end=\"510\">2 Verankerungspunkten, um<\/strong> ein Verschlucken zu verhindern.<br \/>\nMit <strong data-start=\"542\" data-end=\"566\">ergonomischem Griff<\/strong>, <strong data-start=\"575\" data-end=\"590\">reflektierendem<\/strong> Design und <strong data-start=\"604\" data-end=\"621\">atmungsaktiven<\/strong> und <strong data-start=\"624\" data-end=\"639\">widerstandsf\u00e4higen<\/strong> Materialien.<br \/>\nMaximaler Komfort und Sicherheit bei Spazierg\u00e4ngen!<\/p>\n","protected":false},"featured_media":1515,"template":"","meta":[],"product_brand":[26],"product_cat":[114],"product_tag":[203,207,208,200,170,204,206,205],"class_list":{"0":"post-1628","1":"product","2":"type-product","3":"status-publish","4":"has-post-thumbnail","6":"product_brand-acarapets","7":"product_cat-halsbander","8":"product_tag-anti-ertrinkungs-halsband","9":"product_tag-ergonomisches-halsband","10":"product_tag-halsband-mit-greifer","11":"product_tag-hundehalsband","12":"product_tag-hundezubehor","13":"product_tag-reflektierender-kragen","14":"product_tag-sicheres-halsband","15":"product_tag-verstellbares-halsband","17":"first","18":"instock","19":"shipping-taxable","20":"purchasable","21":"product-type-variable"},"_links":{"self":[{"href":"https:\/\/acarapets.com\/de\/wp-json\/wp\/v2\/product\/1628","targetHints":{"allow":["GET"]}}],"collection":[{"href":"https:\/\/acarapets.com\/de\/wp-json\/wp\/v2\/product"}],"about":[{"href":"https:\/\/acarapets.com\/de\/wp-json\/wp\/v2\/types\/product"}],"wp:featuredmedia":[{"embeddable":true,"href":"https:\/\/acarapets.com\/de\/wp-json\/wp\/v2\/media\/1515"}],"wp:attachment":[{"href":"https:\/\/acarapets.com\/de\/wp-json\/wp\/v2\/media?parent=1628"}],"wp:term":[{"taxonomy":"product_brand","embeddable":true,"href":"https:\/\/acarapets.com\/de\/wp-json\/wp\/v2\/product_brand?post=1628"},{"taxonomy":"product_cat","embeddable":true,"href":"https:\/\/acarapets.com\/de\/wp-json\/wp\/v2\/product_cat?post=1628"},{"taxonomy":"product_tag","embeddable":true,"href":"https:\/\/acarapets.com\/de\/wp-json\/wp\/v2\/product_tag?post=1628"}],"curies":[{"name":"wp","href":"https:\/\/api.w.org\/{rel}","templated":true}]}}