{"id":1644,"date":"2021-11-30T15:48:19","date_gmt":"2021-11-30T14:48:19","guid":{"rendered":"https:\/\/acarapets.com\/product\/hundeleine-fahrrad\/"},"modified":"2021-11-30T15:48:19","modified_gmt":"2021-11-30T14:48:19","slug":"hundeleine-fahrrad","status":"publish","type":"product","link":"https:\/\/acarapets.com\/de\/produkt\/hundeleine-fahrrad\/","title":{"rendered":"Hundeleine Fahrrad"},"content":{"rendered":"<p data-start=\"362\" data-end=\"442\">\ud83d\udeb4\u200d\u2642\ufe0f <strong data-start=\"368\" data-end=\"440\">Die beste M\u00f6glichkeit, Ihren Hund sicher spazieren zu f\u00fchren und zu trainieren.<\/strong><\/p>\n<p data-start=\"444\" data-end=\"691\">Unsere <strong data-start=\"452\" data-end=\"499\">BIKE AND DOG Hundeleine<\/strong> wurde so konzipiert, dass sie <strong data-start=\"530\" data-end=\"564\">maximale Stabilit\u00e4t und Sicherheit<\/strong> bietet. Sie verankert sich an der <strong data-start=\"583\" data-end=\"610\">Hinterradachse<\/strong> (dem tiefstm\u00f6glichen Punkt), wodurch das Ziehen minimiert und die Kontrolle erleichtert wird.<\/p>\n<p data-start=\"693\" data-end=\"1193\">\ud83d\udd39 <strong data-start=\"696\" data-end=\"725\">Werkzeuglose Montage:<\/strong> Dank des innovativen Klemmsystems in <strong data-start=\"750\" data-end=\"765\">10 Sekunden<\/strong> montiert und demontiert.<br data-start=\"809\" data-end=\"812\">\ud83d\udd39 <strong data-start=\"815\" data-end=\"850\">Maximale Sicherheit und Stabilit\u00e4t:<\/strong> Reduziert die Auswirkungen von St\u00f6\u00dfen und h\u00e4lt das Fahrrad im Gleichgewicht.<br data-start=\"920\" data-end=\"923\">\ud83d\udd39 <strong data-start=\"926\" data-end=\"943\">Vielseitig einsetzbar:<\/strong> Kann bei Nichtgebrauch komplett auf das Fahrrad geklappt werden.<br data-start=\"1001\" data-end=\"1004\">\ud83d\udd39 <strong data-start=\"1007\" data-end=\"1019\">Enth\u00e4lt:<\/strong><br data-start=\"1019\" data-end=\"1022\">\u2705 1 <strong data-start=\"1029\" data-end=\"1039\">Fahrradgurt<\/strong>.<br data-start=\"1055\" data-end=\"1058\">\u2705 2 <strong data-start=\"1065\" data-end=\"1086\">spezielle Befestigungsgurte<\/strong>.<br data-start=\"1099\" data-end=\"1102\">\ud83d\udd39 <strong data-start=\"1105\" data-end=\"1151\">F\u00fcr alle Rassen und Fahrradtypen geeignet.<\/strong> Kann mit <strong data-start=\"1170\" data-end=\"1190\">zwei oder mehr Hunden<\/strong> verwendet werden.<\/p>\n<p data-start=\"1195\" data-end=\"1401\">\ud83d\udca1 <strong data-start=\"1198\" data-end=\"1224\">Erg\u00e4nzen Sie Ihren Kauf:<\/strong> In unserem Shop finden Sie:<br data-start=\"1255\" data-end=\"1258\">\u2714\ufe0f <strong data-start=\"1261\" data-end=\"1284\">Geschirr mit 3 Ringen<\/strong>, entworfen f\u00fcr diese Leine.<br data-start=\"1312\" data-end=\"1315\">\u2714\ufe0f <strong data-start=\"1318\" data-end=\"1337\">F\u00fchrleine<\/strong> mit Doppelhaken.<br data-start=\"1357\" data-end=\"1360\">\u2714\ufe0f <strong data-start=\"1363\" data-end=\"1384\">Anti-W\u00fcrge-Halsband<\/strong> mit 2 Ringen.<\/p>\n<p data-start=\"1403\" data-end=\"1496\">\ud83c\udfc6 <strong data-start=\"1406\" data-end=\"1427\">Patentiertes System<\/strong>, damit Ihr Hund das Laufen auf nat\u00fcrliche und gesunde Weise genie\u00dfen kann.<\/p>\n","protected":false},"excerpt":{"rendered":"<p><strong data-start=\"1548\" data-end=\"1595\">BIKE AND DOG Hundeleine f\u00fcr Fahrr\u00e4der<\/strong>, <strong data-start=\"1605\" data-end=\"1625\">werkzeuglose<\/strong> Befestigung, maximale Sicherheit und Stabilit\u00e4t. Inklusive <strong data-start=\"1667\" data-end=\"1690\">2 speziellen Fahrradb\u00e4ndern<\/strong>. Kompatibel mit <strong data-start=\"1722\" data-end=\"1749\">allen Rassen und Fahrr\u00e4dern<\/strong>. \ud83d\udeb4\u200d\u2642\ufe0f\ud83d\udc36   <\/p>\n","protected":false},"featured_media":651,"template":"","meta":[],"product_brand":[39],"product_cat":[115],"product_tag":[196,198,168,209,195,210,173,197,201,199],"class_list":{"0":"post-1644","1":"product","2":"type-product","3":"status-publish","4":"has-post-thumbnail","6":"product_brand-bike-and-dog","7":"product_cat-leinen","8":"product_tag-fahrradtour-mit-hund","9":"product_tag-freihandige-hundeleine","10":"product_tag-hund-fahrrad-zubehor","11":"product_tag-hundefahrradleine","12":"product_tag-hundeleine-fahrrad","13":"product_tag-hundeleine-fahrrad-de","14":"product_tag-hundetraining-mit-dem-fahrrad","15":"product_tag-laufen-mit-einem-hundefahrrad","16":"product_tag-sichere-fahrradhalterung-fur-hunde","17":"product_tag-sport-mit-hunden","19":"first","20":"instock","21":"sale","22":"featured","23":"shipping-taxable","24":"purchasable","25":"product-type-variable"},"_links":{"self":[{"href":"https:\/\/acarapets.com\/de\/wp-json\/wp\/v2\/product\/1644","targetHints":{"allow":["GET"]}}],"collection":[{"href":"https:\/\/acarapets.com\/de\/wp-json\/wp\/v2\/product"}],"about":[{"href":"https:\/\/acarapets.com\/de\/wp-json\/wp\/v2\/types\/product"}],"wp:featuredmedia":[{"embeddable":true,"href":"https:\/\/acarapets.com\/de\/wp-json\/wp\/v2\/media\/651"}],"wp:attachment":[{"href":"https:\/\/acarapets.com\/de\/wp-json\/wp\/v2\/media?parent=1644"}],"wp:term":[{"taxonomy":"product_brand","embeddable":true,"href":"https:\/\/acarapets.com\/de\/wp-json\/wp\/v2\/product_brand?post=1644"},{"taxonomy":"product_cat","embeddable":true,"href":"https:\/\/acarapets.com\/de\/wp-json\/wp\/v2\/product_cat?post=1644"},{"taxonomy":"product_tag","embeddable":true,"href":"https:\/\/acarapets.com\/de\/wp-json\/wp\/v2\/product_tag?post=1644"}],"curies":[{"name":"wp","href":"https:\/\/api.w.org\/{rel}","templated":true}]}}