{"id":1661,"date":"2025-03-10T13:30:59","date_gmt":"2025-03-10T12:30:59","guid":{"rendered":"https:\/\/acarapets.com\/product\/hundeleine-2-haken\/"},"modified":"2025-03-10T13:30:59","modified_gmt":"2025-03-10T12:30:59","slug":"hundeleine-2-haken","status":"publish","type":"product","link":"https:\/\/acarapets.com\/de\/produkt\/hundeleine-2-haken\/","title":{"rendered":"Hundeleine 2 Haken"},"content":{"rendered":"<p>\ud83d\uded2 <strong data-start=\"285\" data-end=\"373\">Gegabelte Hundeleine mit 2 Befestigungspunkten &#8211; Anti-Snag &amp; Reflektierendes Design<br \/>\n<\/strong><\/p>\n<p data-start=\"770\" data-end=\"1000\">Die <strong data-start=\"773\" data-end=\"800\">gegabelte Leine von ACARAPETS<\/strong> ist die perfekte L\u00f6sung f\u00fcr sicherere und bequemere Spazierg\u00e4nge. Ihr spezielles Design verteilt die Haltekraft auf <strong data-start=\"915\" data-end=\"938\">2 Verankerungspunkte<\/strong>, wodurch Druck auf den Nacken vermieden und Zerrungen reduziert werden. <\/p>\n<p data-start=\"1002\" data-end=\"1587\"><strong data-start=\"1004\" data-end=\"1025\">Innovatives Design:<\/strong> Das <strong data-start=\"1037\" data-end=\"1066\">Bungee-Seilzugsystem<\/strong> gleicht die Kraft auf beide Kupplungen aus.<br data-start=\"1110\" data-end=\"1113\">\u2714 <strong data-start=\"1115\" data-end=\"1132\">Doppelter Griff:<\/strong> <strong data-start=\"1142\" data-end=\"1161\">120 cm <\/strong>lang f\u00fcr bequeme Fahrten und <strong data-start=\"1184\" data-end=\"1217\">35 cm kurzer Griff <\/strong>f\u00fcr mehr Kontrolle.<br data-start=\"1237\" data-end=\"1240\">\u2714 <strong data-start=\"1242\" data-end=\"1267\">Ergonomische Polsterung:<\/strong> Sch\u00fctzt Ihre H\u00e4nde vor Scheuerstellen und sorgt f\u00fcr mehr Komfort.<br data-start=\"1322\" data-end=\"1325\">\u2714 <strong data-start=\"1327\" data-end=\"1352\">Reflektierendes Material:<\/strong> Erh\u00f6ht die Sichtbarkeit bei schlechten Lichtverh\u00e4ltnissen.<br data-start=\"1403\" data-end=\"1406\">\u2714 <strong data-start=\"1408\" data-end=\"1446\">Ring f\u00fcr Beutelspender:<\/strong> Praktisch und funktionell.<br data-start=\"1468\" data-end=\"1471\">\u2714 <strong data-start=\"1473\" data-end=\"1522\">Kompatibel mit unserem Gabelhalsband und Geschirr:<\/strong> Ideales System, um Druck auf den Hals des Hundes zu vermeiden.<\/p>\n<p data-start=\"1589\" data-end=\"1613\">\ud83d\udccf <strong data-start=\"1592\" data-end=\"1611\">Gr\u00f6\u00dfentabelle:<\/strong><\/p>\n<ul data-start=\"1614\" data-end=\"1757\">\n<li data-start=\"1614\" data-end=\"1659\"><strong data-start=\"1616\" data-end=\"1622\">S:<\/strong> Bis zu 38 cm Halsumfang.<\/li>\n<li data-start=\"1660\" data-end=\"1710\"><strong data-start=\"1662\" data-end=\"1668\">M:<\/strong> Zwischen 38 und 51 cm Halsumfang.<\/li>\n<li data-start=\"1711\" data-end=\"1757\"><strong data-start=\"1713\" data-end=\"1719\">L:<\/strong> \u00dcber 51 cm Halsumfang.<\/li>\n<\/ul>\n<p data-start=\"1759\" data-end=\"1911\">\ud83d\udecd\ufe0f <strong data-start=\"1763\" data-end=\"1775\">Inklusive:<\/strong> 1 Leine mit doppeltem Griff, verst\u00e4rkten Karabinern und Anti-Pull-System.<br data-start=\"1848\" data-end=\"1851\">\u26a0\ufe0f <strong data-start=\"1854\" data-end=\"1863\">Hinweis:<\/strong> Kombinieren Sie mit <strong data-start=\"1867\" data-end=\"1885\">Halsband und Geschirr<\/strong>.<\/p>\n<p><strong data-start=\"285\" data-end=\"373\"> <\/strong><\/p>\n","protected":false},"excerpt":{"rendered":"<p>Hundeleine mit <strong data-start=\"472\" data-end=\"496\">2 Befestigungspunkten.<br \/>\n<\/strong>Verhindert Verschlucken und verbessert die Kontrolle.<br \/>\nMit <strong data-start=\"549\" data-end=\"575\">gepolsterten Griffen<\/strong>, <strong data-start=\"584\" data-end=\"599\">reflektierendem<\/strong> Design und <strong data-start=\"602\" data-end=\"636\">hochfesten Materialien<\/strong>.<br \/>\n<strong data-start=\"638\" data-end=\"688\">Ideal f\u00fcr Hunde aller Rassen und Gr\u00f6\u00dfen.<\/strong><\/p>\n","protected":false},"featured_media":1190,"template":"","meta":[],"product_brand":[26],"product_cat":[115],"product_tag":[214,219,216,220,212,170,218,217],"class_list":{"0":"post-1661","1":"product","2":"type-product","3":"status-publish","4":"has-post-thumbnail","6":"product_brand-acarapets","7":"product_cat-leinen","8":"product_tag-anti-zieh-gurt","9":"product_tag-ergonomischer-gurt","10":"product_tag-gegabelter-gurt","11":"product_tag-gurt-mit-doppelhaken","12":"product_tag-hundeleine","13":"product_tag-hundezubehor","14":"product_tag-reflektierendes-band","15":"product_tag-verstellbares-band","17":"first","18":"instock","19":"shipping-taxable","20":"purchasable","21":"product-type-variable"},"_links":{"self":[{"href":"https:\/\/acarapets.com\/de\/wp-json\/wp\/v2\/product\/1661","targetHints":{"allow":["GET"]}}],"collection":[{"href":"https:\/\/acarapets.com\/de\/wp-json\/wp\/v2\/product"}],"about":[{"href":"https:\/\/acarapets.com\/de\/wp-json\/wp\/v2\/types\/product"}],"wp:featuredmedia":[{"embeddable":true,"href":"https:\/\/acarapets.com\/de\/wp-json\/wp\/v2\/media\/1190"}],"wp:attachment":[{"href":"https:\/\/acarapets.com\/de\/wp-json\/wp\/v2\/media?parent=1661"}],"wp:term":[{"taxonomy":"product_brand","embeddable":true,"href":"https:\/\/acarapets.com\/de\/wp-json\/wp\/v2\/product_brand?post=1661"},{"taxonomy":"product_cat","embeddable":true,"href":"https:\/\/acarapets.com\/de\/wp-json\/wp\/v2\/product_cat?post=1661"},{"taxonomy":"product_tag","embeddable":true,"href":"https:\/\/acarapets.com\/de\/wp-json\/wp\/v2\/product_tag?post=1661"}],"curies":[{"name":"wp","href":"https:\/\/api.w.org\/{rel}","templated":true}]}}