{"id":1686,"date":"2021-11-30T15:47:03","date_gmt":"2021-11-30T14:47:03","guid":{"rendered":"https:\/\/acarapets.com\/product\/sangle-et-harnais-pour-velo\/"},"modified":"2021-11-30T15:47:03","modified_gmt":"2021-11-30T14:47:03","slug":"sangle-et-harnais-pour-velo","status":"publish","type":"product","link":"https:\/\/acarapets.com\/fr\/produit\/sangle-et-harnais-pour-velo\/","title":{"rendered":"Sangle et harnais pour v\u00e9lo"},"content":{"rendered":"<p data-start=\"353\" data-end=\"437\">\ud83d\udeb4\u200d\u2642\ufe0f <strong data-start=\"359\" data-end=\"435\">Le pack parfait pour promener votre chien en toute s\u00e9curit\u00e9 et confort.<\/strong><\/p>\n<p data-start=\"439\" data-end=\"636\">Notre <strong data-start=\"447\" data-end=\"493\">laisse et notre harnais pour v\u00e9lo BIKE AND DOG<\/strong> sont con\u00e7us pour offrir un <strong data-start=\"526\" data-end=\"558\">maximum de stabilit\u00e9 et de contr\u00f4le<\/strong>, minimisant ainsi la traction et garantissant une promenade en toute s\u00e9curit\u00e9 pour vous et votre chien.<\/p>\n<p data-start=\"638\" data-end=\"1407\">\ud83d\udd39 <strong data-start=\"641\" data-end=\"661\">Maintien optimal :<\/strong> la sangle est ancr\u00e9e \u00e0 l&rsquo;<strong data-start=\"687\" data-end=\"714\">axe de la roue arri\u00e8re<\/strong>, ce qui r\u00e9duit le bras de levier au minimum et emp\u00eache les secousses de d\u00e9s\u00e9quilibrer le v\u00e9lo.<br data-start=\"811\" data-end=\"814\">\ud83d\udd39 <strong data-start=\"817\" data-end=\"846\">Assemblage sans outil :<\/strong> montage et d\u00e9montage en <strong data-start=\"872\" data-end=\"887\">10 secondes.<\/strong><br data-start=\"888\" data-end=\"891\">\ud83d\udd39 <strong data-start=\"894\" data-end=\"915\">Syst\u00e8me pliable :<\/strong> Lorsque vous n&rsquo;utilisez pas la sangle, vous pouvez la plier sur le v\u00e9lo \u00e0 l&rsquo;aide des <strong data-start=\"985\" data-end=\"1006\">sangles sp\u00e9ciales<\/strong> incluses.<br data-start=\"1017\" data-end=\"1020\">\ud83d\udd39 <strong data-start=\"1023\" data-end=\"1057\">Harnais avec 3 anneaux en m\u00e9tal :<\/strong><br data-start=\"1057\" data-end=\"1060\">\u2705 <strong data-start=\"1065\" data-end=\"1088\">2 anneaux lat\u00e9raux<\/strong> renforc\u00e9s pour maintenir votre chien bien en place.<br data-start=\"1140\" data-end=\"1143\">\u2705 <strong data-start=\"1148\" data-end=\"1169\">1 anneau sup\u00e9rieur<\/strong> pour une marche plus contr\u00f4l\u00e9e.<br data-start=\"1206\" data-end=\"1209\">\u2705 <strong data-start=\"1214\" data-end=\"1252\">D\u00e9clenchement rapide et poign\u00e9e ergonomique.<\/strong><br data-start=\"1252\" data-end=\"1255\">\ud83d\udd39 <strong data-start=\"1258\" data-end=\"1281\">R\u00e9sistance maximale :<\/strong> Con\u00e7u pour \u00eatre utilis\u00e9 avec <strong data-start=\"1307\" data-end=\"1330\">un ou plusieurs chiens<\/strong>, quelle que soit leur taille ou leur race.<br data-start=\"1359\" data-end=\"1362\">\ud83d\udd39  <strong data-start=\"1365\" data-end=\"1405\">Compatible avec tous les v\u00e9los.<\/strong><\/p>\n<p data-start=\"1409\" data-end=\"1535\">\ud83c\udfc6 <strong data-start=\"1412\" data-end=\"1433\">Syst\u00e8me brevet\u00e9<\/strong> pour garantir la s\u00e9curit\u00e9 et le bien-\u00eatre de votre chien pendant qu&rsquo;il court et fait de l&rsquo;exercice de mani\u00e8re naturelle.<\/p>\n<p>&nbsp;<\/p>\n","protected":false},"excerpt":{"rendered":"<h2 id=\"title\" class=\"a-size-large a-spacing-none\"><strong data-start=\"1587\" data-end=\"1642\">Laisse et harnais pour chien BIKE AND DOG pour v\u00e9lo<\/strong>, montage <strong data-start=\"1652\" data-end=\"1672\">sans outil<\/strong>, harnais avec <strong data-start=\"1684\" data-end=\"1707\">3 anneaux m\u00e9talliques<\/strong> et poign\u00e9e ergonomique. Comprend <strong data-start=\"1737\" data-end=\"1760\">2 colliers de serrage sp\u00e9ciaux pour<\/strong> v\u00e9lo. \ud83d\udeb4\u200d\u2642\ufe0f\ud83d\udc36  <\/h2>\n","protected":false},"featured_media":672,"template":"","meta":[],"product_brand":[26,39],"product_cat":[118,120],"product_tag":[233,231,241,244,242,243,235,227,229,240],"class_list":{"0":"post-1686","1":"product","2":"type-product","3":"status-publish","4":"has-post-thumbnail","6":"product_brand-acarapets","7":"product_brand-bike-and-dog","8":"product_cat-harnais","9":"product_cat-laisses","10":"product_tag-accessoires-de-velo-pour-chiens","11":"product_tag-courir-avec-un-chien-a-velo","12":"product_tag-dispositif-de-retenue-de-velo-securise-pour-les-chiens","13":"product_tag-harnais-avec-3-anneaux","14":"product_tag-harnais-pour-chien-velo","15":"product_tag-laisse-pour-chien-et-harnais-pour-velo","16":"product_tag-laisse-pour-chien-mains-libres","17":"product_tag-laisse-pour-chien-velo","18":"product_tag-promenade-en-velo-pour-chiens","19":"product_tag-sport-avec-des-chiens","21":"first","22":"instock","23":"featured","24":"shipping-taxable","25":"purchasable","26":"product-type-variable"},"_links":{"self":[{"href":"https:\/\/acarapets.com\/fr\/wp-json\/wp\/v2\/product\/1686","targetHints":{"allow":["GET"]}}],"collection":[{"href":"https:\/\/acarapets.com\/fr\/wp-json\/wp\/v2\/product"}],"about":[{"href":"https:\/\/acarapets.com\/fr\/wp-json\/wp\/v2\/types\/product"}],"wp:featuredmedia":[{"embeddable":true,"href":"https:\/\/acarapets.com\/fr\/wp-json\/wp\/v2\/media\/672"}],"wp:attachment":[{"href":"https:\/\/acarapets.com\/fr\/wp-json\/wp\/v2\/media?parent=1686"}],"wp:term":[{"taxonomy":"product_brand","embeddable":true,"href":"https:\/\/acarapets.com\/fr\/wp-json\/wp\/v2\/product_brand?post=1686"},{"taxonomy":"product_cat","embeddable":true,"href":"https:\/\/acarapets.com\/fr\/wp-json\/wp\/v2\/product_cat?post=1686"},{"taxonomy":"product_tag","embeddable":true,"href":"https:\/\/acarapets.com\/fr\/wp-json\/wp\/v2\/product_tag?post=1686"}],"curies":[{"name":"wp","href":"https:\/\/api.w.org\/{rel}","templated":true}]}}