{"id":1702,"date":"2025-03-10T11:42:57","date_gmt":"2025-03-10T10:42:57","guid":{"rendered":"https:\/\/acarapets.com\/product\/collier-anti-suffocation-pour-chien\/"},"modified":"2025-03-10T11:42:57","modified_gmt":"2025-03-10T10:42:57","slug":"collier-anti-suffocation-pour-chien","status":"publish","type":"product","link":"https:\/\/acarapets.com\/fr\/produit\/collier-anti-suffocation-pour-chien\/","title":{"rendered":"Collier anti-suffocation pour chien"},"content":{"rendered":"<p data-start=\"766\" data-end=\"979\">Le <strong data-start=\"769\" data-end=\"799\">collier pour chien ACARAPETS<\/strong> est le meilleur choix pour des promenades s\u00fbres et confortables. Sa conception <strong data-start=\"860\" data-end=\"873\">anti-chocs<\/strong> avec une <strong data-start=\"878\" data-end=\"912\">partie rigide sous la poign\u00e9e<\/strong> emp\u00eache la pression sur le cou, r\u00e9duisant ainsi le risque de blessure. <\/p>\n<p data-start=\"981\" data-end=\"1453\">\u2714 <strong data-start=\"983\" data-end=\"1004\">Conception innovante :<\/strong> Deux anneaux d&rsquo;accrochage \u00e9vitent une pression excessive sur le cou.<br data-start=\"1073\" data-end=\"1076\">\u2714 <strong data-start=\"1078\" data-end=\"1100\">Poign\u00e9e ergonomique :<\/strong> Poign\u00e9e renforc\u00e9e pour tenir sans blesser le chien.<br data-start=\"1147\" data-end=\"1150\">\u2714 <strong data-start=\"1152\" data-end=\"1177\">Mat\u00e9riau r\u00e9fl\u00e9chissant :<\/strong> Augmente la visibilit\u00e9 dans des conditions de faible luminosit\u00e9.<br data-start=\"1228\" data-end=\"1231\"><strong data-start=\"1233\" data-end=\"1271\">Respirant et imperm\u00e9able :<\/strong> Id\u00e9al pour toutes les conditions m\u00e9t\u00e9orologiques.<br data-start=\"1302\" data-end=\"1305\">\u2714 <strong data-start=\"1307\" data-end=\"1334\">Fermeture rapide et s\u00fbre :<\/strong> Facile \u00e0 mettre et \u00e0 enlever en quelques secondes.<br data-start=\"1371\" data-end=\"1374\">\u2714 <strong data-start=\"1376\" data-end=\"1415\">Disponible en 3 couleurs et 4 tailles :<\/strong> Convient \u00e0 toutes les races et \u00e0 toutes les tailles.<\/p>\n<p data-start=\"1455\" data-end=\"1479\">\ud83d\udccf <strong data-start=\"1458\" data-end=\"1477\">Guide des tailles :<\/strong><\/p>\n<ul data-start=\"1480\" data-end=\"1560\">\n<li data-start=\"1480\" data-end=\"1500\"><strong data-start=\"1482\" data-end=\"1489\">XS :<\/strong> 26-33 cm<\/li>\n<li data-start=\"1501\" data-end=\"1520\"><strong data-start=\"1503\" data-end=\"1509\">S :<\/strong> 33-41 cm<\/li>\n<li data-start=\"1521\" data-end=\"1540\"><strong data-start=\"1523\" data-end=\"1529\">M :<\/strong> 41-49 cm<\/li>\n<li data-start=\"1541\" data-end=\"1560\"><strong data-start=\"1543\" data-end=\"1549\">L :<\/strong> 49-63 cm<\/li>\n<\/ul>\n<p data-start=\"1562\" data-end=\"1751\">\ud83d\udecd\ufe0f <strong data-start=\"1566\" data-end=\"1578\">Comprend :<\/strong> 1 collier avec anneaux m\u00e9talliques renforc\u00e9s et fermeture rapide.<br data-start=\"1637\" data-end=\"1640\">\u26a0\ufe0f <strong data-start=\"1643\" data-end=\"1652\">Remarque :<\/strong> la <strong data-start=\"1656\" data-end=\"1673\">laisse fourchue<\/strong> est le compl\u00e9ment parfait de ce collier, disponible dans notre boutique ! <\/p>\n","protected":false},"excerpt":{"rendered":"<p>Collier pour chien avec <strong data-start=\"487\" data-end=\"510\">2 points d&rsquo;ancrage pour<\/strong> \u00e9viter l&rsquo;\u00e9touffement.<br \/>\nComprend une <strong data-start=\"542\" data-end=\"566\">poign\u00e9e ergonomique<\/strong>, un design <strong data-start=\"575\" data-end=\"590\">r\u00e9fl\u00e9chissant<\/strong> et des mat\u00e9riaux <strong data-start=\"604\" data-end=\"621\">respirants<\/strong> et <strong data-start=\"624\" data-end=\"639\">r\u00e9sistants<\/strong>.<br \/>\nConfort et s\u00e9curit\u00e9 maximum lors des promenades !<\/p>\n","protected":false},"featured_media":1789,"template":"","meta":[],"product_brand":[26],"product_cat":[119],"product_tag":[237,246,251,250,245,247,248,249],"class_list":{"0":"post-1702","1":"product","2":"type-product","3":"status-publish","4":"has-post-thumbnail","6":"product_brand-acarapets","7":"product_cat-colliers","8":"product_tag-accessoires-pour-chiens","9":"product_tag-collier-anti-noyade","10":"product_tag-collier-avec-pince","11":"product_tag-collier-ergonomique","12":"product_tag-collier-pour-chien","13":"product_tag-collier-reflechissant","14":"product_tag-collier-reglable","15":"product_tag-collier-securise","17":"first","18":"instock","19":"shipping-taxable","20":"purchasable","21":"product-type-variable"},"_links":{"self":[{"href":"https:\/\/acarapets.com\/fr\/wp-json\/wp\/v2\/product\/1702","targetHints":{"allow":["GET"]}}],"collection":[{"href":"https:\/\/acarapets.com\/fr\/wp-json\/wp\/v2\/product"}],"about":[{"href":"https:\/\/acarapets.com\/fr\/wp-json\/wp\/v2\/types\/product"}],"wp:featuredmedia":[{"embeddable":true,"href":"https:\/\/acarapets.com\/fr\/wp-json\/wp\/v2\/media\/1789"}],"wp:attachment":[{"href":"https:\/\/acarapets.com\/fr\/wp-json\/wp\/v2\/media?parent=1702"}],"wp:term":[{"taxonomy":"product_brand","embeddable":true,"href":"https:\/\/acarapets.com\/fr\/wp-json\/wp\/v2\/product_brand?post=1702"},{"taxonomy":"product_cat","embeddable":true,"href":"https:\/\/acarapets.com\/fr\/wp-json\/wp\/v2\/product_cat?post=1702"},{"taxonomy":"product_tag","embeddable":true,"href":"https:\/\/acarapets.com\/fr\/wp-json\/wp\/v2\/product_tag?post=1702"}],"curies":[{"name":"wp","href":"https:\/\/api.w.org\/{rel}","templated":true}]}}