{"id":1749,"date":"2021-11-30T15:48:19","date_gmt":"2021-11-30T14:48:19","guid":{"rendered":"https:\/\/acarapets.com\/product\/laisse-pour-chien-bicyclette\/"},"modified":"2021-11-30T15:48:19","modified_gmt":"2021-11-30T14:48:19","slug":"laisse-pour-chien-bicyclette","status":"publish","type":"product","link":"https:\/\/acarapets.com\/fr\/produit\/laisse-pour-chien-bicyclette\/","title":{"rendered":"Laisse pour chien Bicyclette"},"content":{"rendered":"<p data-start=\"362\" data-end=\"442\">\ud83d\udeb4\u200d\u2642\ufe0f <strong data-start=\"368\" data-end=\"440\">La meilleure fa\u00e7on de promener et de faire faire de l&rsquo;exercice \u00e0 votre chien en toute s\u00e9curit\u00e9.<\/strong><\/p>\n<p data-start=\"444\" data-end=\"691\">Notre <strong data-start=\"452\" data-end=\"499\">laisse pour chien BIKE AND DOG<\/strong> a \u00e9t\u00e9 con\u00e7ue pour offrir une <strong data-start=\"530\" data-end=\"564\">stabilit\u00e9 et une s\u00e9curit\u00e9 maximales<\/strong>, en s&rsquo;ancrant \u00e0 l&rsquo;<strong data-start=\"583\" data-end=\"610\">axe de la roue arri\u00e8re<\/strong> (le point le plus bas possible), ce qui minimise la traction et facilite le contr\u00f4le.<\/p>\n<p data-start=\"693\" data-end=\"1193\">\ud83d\udd39 <strong data-start=\"696\" data-end=\"725\">Montage sans outil :<\/strong> se monte et se d\u00e9monte en <strong data-start=\"750\" data-end=\"765\">10 secondes<\/strong> gr\u00e2ce \u00e0 son syst\u00e8me de serrage innovant.<br data-start=\"809\" data-end=\"812\">\ud83d\udd39 <strong data-start=\"815\" data-end=\"850\">S\u00e9curit\u00e9 et stabilit\u00e9 maximales :<\/strong> r\u00e9duit l&rsquo;impact des secousses et maintient le v\u00e9lo en \u00e9quilibre.<br data-start=\"920\" data-end=\"923\">\ud83d\udd39 <strong data-start=\"926\" data-end=\"943\">Utilisation polyvalente :<\/strong> peut \u00eatre compl\u00e8tement pli\u00e9 sur le v\u00e9lo lorsqu&rsquo;il n&rsquo;est pas utilis\u00e9.<br data-start=\"1001\" data-end=\"1004\">\ud83d\udd39 <strong data-start=\"1007\" data-end=\"1019\">Comprend :<\/strong><br data-start=\"1019\" data-end=\"1022\">\u2705 1 <strong data-start=\"1029\" data-end=\"1039\">sangle de<\/strong> v\u00e9lo.<br data-start=\"1055\" data-end=\"1058\">\u2705 2 <strong data-start=\"1065\" data-end=\"1086\">sangles de<\/strong> fixation <strong data-start=\"1065\" data-end=\"1086\">sp\u00e9ciales<\/strong>.<br data-start=\"1099\" data-end=\"1102\">\ud83d\udd39 <strong data-start=\"1105\" data-end=\"1151\">Pour toutes les races et tous les types de v\u00e9los.<\/strong> Peut \u00eatre utilis\u00e9 avec <strong data-start=\"1170\" data-end=\"1190\">deux chiens ou plus<\/strong>.<\/p>\n<p data-start=\"1195\" data-end=\"1401\">\ud83d\udca1 <strong data-start=\"1198\" data-end=\"1224\">Compl\u00e9tez votre achat :<\/strong> Dans notre magasin vous trouverez :<br data-start=\"1255\" data-end=\"1258\">\u2714\ufe0f <strong data-start=\"1261\" data-end=\"1284\">Harnais avec 3 anneaux<\/strong>, con\u00e7u pour cette laisse.<br data-start=\"1312\" data-end=\"1315\">\u2714\ufe0f <strong data-start=\"1318\" data-end=\"1337\">Laisse de marche<\/strong> avec double crochet.<br data-start=\"1357\" data-end=\"1360\">\u2714\ufe0f <strong data-start=\"1363\" data-end=\"1384\">Collier anti-chocs<\/strong> avec 2 anneaux.<\/p>\n<p data-start=\"1403\" data-end=\"1496\">\ud83c\udfc6 <strong data-start=\"1406\" data-end=\"1427\">Syst\u00e8me brevet\u00e9<\/strong> permettant \u00e0 votre chien de courir de mani\u00e8re naturelle et saine.<\/p>\n","protected":false},"excerpt":{"rendered":"<p><strong data-start=\"1548\" data-end=\"1595\">Laisse pour chien BIKE AND DOG pour v\u00e9lo<\/strong>, montage <strong data-start=\"1605\" data-end=\"1625\">sans outil<\/strong>, s\u00e9curit\u00e9 et stabilit\u00e9 maximales. Comprend <strong data-start=\"1667\" data-end=\"1690\">2 attaches sp\u00e9ciales pour<\/strong> v\u00e9lo. Compatible avec <strong data-start=\"1722\" data-end=\"1749\">toutes les races et tous les v\u00e9los<\/strong>. \ud83d\udeb4\u200d\u2642\ufe0f\ud83d\udc36   <\/p>\n","protected":false},"featured_media":651,"template":"","meta":[],"product_brand":[39],"product_cat":[120],"product_tag":[233,231,241,254,252,235,227,253,229,240],"class_list":{"0":"post-1749","1":"product","2":"type-product","3":"status-publish","4":"has-post-thumbnail","6":"product_brand-bike-and-dog","7":"product_cat-laisses","8":"product_tag-accessoires-de-velo-pour-chiens","9":"product_tag-courir-avec-un-chien-a-velo","10":"product_tag-dispositif-de-retenue-de-velo-securise-pour-les-chiens","11":"product_tag-dressage-de-chiens-a-velo","12":"product_tag-laisse-de-velo-pour-chien","13":"product_tag-laisse-pour-chien-mains-libres","14":"product_tag-laisse-pour-chien-velo","15":"product_tag-laisse-pour-chien-velo-fr","16":"product_tag-promenade-en-velo-pour-chiens","17":"product_tag-sport-avec-des-chiens","19":"first","20":"instock","21":"sale","22":"featured","23":"shipping-taxable","24":"purchasable","25":"product-type-variable"},"_links":{"self":[{"href":"https:\/\/acarapets.com\/fr\/wp-json\/wp\/v2\/product\/1749","targetHints":{"allow":["GET"]}}],"collection":[{"href":"https:\/\/acarapets.com\/fr\/wp-json\/wp\/v2\/product"}],"about":[{"href":"https:\/\/acarapets.com\/fr\/wp-json\/wp\/v2\/types\/product"}],"wp:featuredmedia":[{"embeddable":true,"href":"https:\/\/acarapets.com\/fr\/wp-json\/wp\/v2\/media\/651"}],"wp:attachment":[{"href":"https:\/\/acarapets.com\/fr\/wp-json\/wp\/v2\/media?parent=1749"}],"wp:term":[{"taxonomy":"product_brand","embeddable":true,"href":"https:\/\/acarapets.com\/fr\/wp-json\/wp\/v2\/product_brand?post=1749"},{"taxonomy":"product_cat","embeddable":true,"href":"https:\/\/acarapets.com\/fr\/wp-json\/wp\/v2\/product_cat?post=1749"},{"taxonomy":"product_tag","embeddable":true,"href":"https:\/\/acarapets.com\/fr\/wp-json\/wp\/v2\/product_tag?post=1749"}],"curies":[{"name":"wp","href":"https:\/\/api.w.org\/{rel}","templated":true}]}}