{"id":1778,"date":"2021-11-30T15:58:34","date_gmt":"2021-11-30T14:58:34","guid":{"rendered":"https:\/\/acarapets.com\/product\/sac-de-dressage-pour-chiens\/"},"modified":"2021-11-30T15:58:34","modified_gmt":"2021-11-30T14:58:34","slug":"sac-de-dressage-pour-chiens","status":"publish","type":"product","link":"https:\/\/acarapets.com\/fr\/produit\/sac-de-dressage-pour-chiens\/","title":{"rendered":"Sac de dressage pour chiens"},"content":{"rendered":"<p data-start=\"330\" data-end=\"467\"><strong data-start=\"330\" data-end=\"378\">Sac de dressage pour chiens ACARAPETS<\/strong>: la meilleure option pour dresser, promener et r\u00e9compenser votre animal dans un confort total.<\/p>\n<p data-start=\"469\" data-end=\"701\">\u2705 <strong data-start=\"471\" data-end=\"495\">Conception multifonctionnelle :<\/strong> <strong data-start=\"507\" data-end=\"530\">trois compartiments<\/strong> pour ranger les <strong data-start=\"546\" data-end=\"567\">friandises et les g\u00e2teries<\/strong>, un distributeur de <strong data-start=\"584\" data-end=\"609\">sacs \u00e0 crottes<\/strong> (avec un rouleau gratuit) et une poche suppl\u00e9mentaire pour le <strong data-start=\"671\" data-end=\"698\">t\u00e9l\u00e9phone portable ou les cl\u00e9s.<\/strong><\/p>\n<p data-start=\"703\" data-end=\"895\">\u2705 <strong data-start=\"705\" data-end=\"731\">Confort et s\u00e9curit\u00e9 :<\/strong> sa <strong data-start=\"735\" data-end=\"757\">conception ultra-l\u00e9g\u00e8re<\/strong> (140 g seulement) et sa <strong data-start=\"773\" data-end=\"792\">forme polyvalente<\/strong> lui permettent d&rsquo;\u00eatre port\u00e9 de <strong data-start=\"814\" data-end=\"837\">4 mani\u00e8res diff\u00e9rentes<\/strong> (\u00e0 la ceinture, \u00e0 l&rsquo;\u00e9paule, en bandouli\u00e8re ou attach\u00e9 au pantalon).<\/p>\n<p data-start=\"897\" data-end=\"1039\">\u2705 <strong data-start=\"899\" data-end=\"938\">Tr\u00e8s durable et imperm\u00e9able :<\/strong> Fabriqu\u00e9 \u00e0 partir de <strong data-start=\"953\" data-end=\"975\">mat\u00e9riaux<\/strong> r\u00e9sistants \u00e0 l&rsquo;eau de <strong data-start=\"953\" data-end=\"975\">premi\u00e8re qualit\u00e9<\/strong>, il garde les prix au sec et les prot\u00e8ge.<\/p>\n<p data-start=\"1041\" data-end=\"1145\">\u2705 <strong data-start=\"1043\" data-end=\"1072\">S\u00e9curit\u00e9 nocturne accrue :<\/strong> avec des <strong data-start=\"1077\" data-end=\"1099\">bandes r\u00e9fl\u00e9chissantes<\/strong> pour une meilleure visibilit\u00e9 lors des promenades nocturnes.<\/p>\n<p data-start=\"1147\" data-end=\"1288\">Id\u00e9al pour les propri\u00e9taires de chiens \u00e0 la recherche d&rsquo;un accessoire pratique, durable et s\u00fbr pour am\u00e9liorer le dressage et le confort lors des promenades.<\/p>\n","protected":false},"excerpt":{"rendered":"<p>Sac de dressage pour chiens <strong data-start=\"1375\" data-end=\"1388\">ACARAPETS<\/strong>: l\u00e9ger, r\u00e9sistant et imperm\u00e9able. Avec <strong data-start=\"1428\" data-end=\"1451\">trois compartiments<\/strong>, un distributeur de sacs, un mousqueton et une <strong data-start=\"1488\" data-end=\"1509\">fermeture automatique<\/strong>. Id\u00e9al pour les promenades et l&rsquo;entra\u00eenement.  <\/p>\n","protected":false},"featured_media":863,"template":"","meta":[],"product_brand":[26],"product_cat":[117],"product_tag":[267,273,258,269,268,255,256,260,272,257,271,270],"class_list":{"0":"post-1778","1":"product","2":"type-product","3":"status-publish","4":"has-post-thumbnail","6":"product_brand-acarapets","7":"product_cat-accessoires","8":"product_tag-accessoires-pour-la-promenade-des-chiens","9":"product_tag-accessoires-pour-le-dressage-des-chiens","10":"product_tag-distributeur-de-sacs-a-excrements","11":"product_tag-dressage-de-chiens","12":"product_tag-sac-a-friandises-pour-chiens","13":"product_tag-sac-de-dressage-pour-chiens","14":"product_tag-sac-de-dressage-pour-chiens-fr","15":"product_tag-sac-impermeable-pour-chien","16":"product_tag-sac-polyvalent-pour-chiens","17":"product_tag-sac-pour-friandises-pour-chiens","18":"product_tag-sac-reflechissant-pour-chiens","19":"product_tag-securite-des-chiens-la-nuit","21":"first","22":"instock","23":"sale","24":"featured","25":"shipping-taxable","26":"purchasable","27":"product-type-simple"},"_links":{"self":[{"href":"https:\/\/acarapets.com\/fr\/wp-json\/wp\/v2\/product\/1778","targetHints":{"allow":["GET"]}}],"collection":[{"href":"https:\/\/acarapets.com\/fr\/wp-json\/wp\/v2\/product"}],"about":[{"href":"https:\/\/acarapets.com\/fr\/wp-json\/wp\/v2\/types\/product"}],"wp:featuredmedia":[{"embeddable":true,"href":"https:\/\/acarapets.com\/fr\/wp-json\/wp\/v2\/media\/863"}],"wp:attachment":[{"href":"https:\/\/acarapets.com\/fr\/wp-json\/wp\/v2\/media?parent=1778"}],"wp:term":[{"taxonomy":"product_brand","embeddable":true,"href":"https:\/\/acarapets.com\/fr\/wp-json\/wp\/v2\/product_brand?post=1778"},{"taxonomy":"product_cat","embeddable":true,"href":"https:\/\/acarapets.com\/fr\/wp-json\/wp\/v2\/product_cat?post=1778"},{"taxonomy":"product_tag","embeddable":true,"href":"https:\/\/acarapets.com\/fr\/wp-json\/wp\/v2\/product_tag?post=1778"}],"curies":[{"name":"wp","href":"https:\/\/api.w.org\/{rel}","templated":true}]}}