{"id":1823,"date":"2025-03-10T13:30:59","date_gmt":"2025-03-10T12:30:59","guid":{"rendered":"https:\/\/acarapets.com\/product\/laisse-pour-chien-2-crochets\/"},"modified":"2025-03-10T13:30:59","modified_gmt":"2025-03-10T12:30:59","slug":"laisse-pour-chien-2-crochets","status":"publish","type":"product","link":"https:\/\/acarapets.com\/fr\/produit\/laisse-pour-chien-2-crochets\/","title":{"rendered":"Laisse pour chien 2 crochets"},"content":{"rendered":"<p>\ud83d\uded2 <strong data-start=\"285\" data-end=\"373\">Laisse pour chien fourchue avec 2 points d&rsquo;attache &#8211; Design anti-snag &amp; r\u00e9fl\u00e9chissant<br \/>\n<\/strong><\/p>\n<p data-start=\"770\" data-end=\"1000\">La <strong data-start=\"773\" data-end=\"800\">laisse fourchue ACARAPETS<\/strong> est la solution parfaite pour des promenades plus s\u00fbres et plus confortables. Sa conception sp\u00e9ciale r\u00e9partit la force de maintien sur <strong data-start=\"915\" data-end=\"938\">2 points d&rsquo;ancrage<\/strong>, \u00e9vitant ainsi la pression sur le cou et r\u00e9duisant les tiraillements. <\/p>\n<p data-start=\"1002\" data-end=\"1587\"><strong data-start=\"1004\" data-end=\"1025\">Conception innovante : le<\/strong> syst\u00e8me de <strong data-start=\"1037\" data-end=\"1066\">poulie \u00e0 sandow<\/strong> \u00e9quilibre la force sur les deux attelages.<br data-start=\"1110\" data-end=\"1113\">\u2714 <strong data-start=\"1115\" data-end=\"1132\">Double poign\u00e9e :<\/strong> <strong data-start=\"1142\" data-end=\"1161\">120 cm de <\/strong>long pour des balades confortables et <strong data-start=\"1184\" data-end=\"1217\">poign\u00e9e courte de 35 cm <\/strong>pour un meilleur contr\u00f4le.<br data-start=\"1237\" data-end=\"1240\">\u2714 <strong data-start=\"1242\" data-end=\"1267\">Rembourrage ergonomique :<\/strong> prot\u00e8ge vos mains des frottements et offre un plus grand confort.<br data-start=\"1322\" data-end=\"1325\">\u2714 <strong data-start=\"1327\" data-end=\"1352\">Mati\u00e8re r\u00e9fl\u00e9chissante :<\/strong> Augmente la visibilit\u00e9 en cas de faible luminosit\u00e9.<br data-start=\"1403\" data-end=\"1406\">\u2714 <strong data-start=\"1408\" data-end=\"1446\">Anneau pour distributeur de sac :<\/strong> Pratique et fonctionnel.<br data-start=\"1468\" data-end=\"1471\">\u2714 <strong data-start=\"1473\" data-end=\"1522\">Compatible avec notre collier et harnais \u00e0 fourche :<\/strong> Syst\u00e8me id\u00e9al pour \u00e9liminer la pression sur le cou du chien.<\/p>\n<p data-start=\"1589\" data-end=\"1613\">\ud83d\udccf <strong data-start=\"1592\" data-end=\"1611\">Guide des tailles :<\/strong><\/p>\n<ul data-start=\"1614\" data-end=\"1757\">\n<li data-start=\"1614\" data-end=\"1659\"><strong data-start=\"1616\" data-end=\"1622\">S :<\/strong> Jusqu&rsquo;\u00e0 38 cm de tour de cou.<\/li>\n<li data-start=\"1660\" data-end=\"1710\"><strong data-start=\"1662\" data-end=\"1668\">M :<\/strong> Entre 38 et 51 cm de tour de cou.<\/li>\n<li data-start=\"1711\" data-end=\"1757\"><strong data-start=\"1713\" data-end=\"1719\">L :<\/strong> Tour de cou sup\u00e9rieur \u00e0 51 cm.<\/li>\n<\/ul>\n<p data-start=\"1759\" data-end=\"1911\">\ud83d\udecd\ufe0f <strong data-start=\"1763\" data-end=\"1775\">Comprend :<\/strong> 1 laisse avec double poign\u00e9e, mousquetons renforc\u00e9s et syst\u00e8me anti-traction.<br data-start=\"1848\" data-end=\"1851\">\u26a0\ufe0f <strong data-start=\"1854\" data-end=\"1863\">Remarque :<\/strong> \u00e0 combiner avec le <strong data-start=\"1867\" data-end=\"1885\">collier et le harnais<\/strong>.<\/p>\n<p><strong data-start=\"285\" data-end=\"373\"> <\/strong><\/p>\n","protected":false},"excerpt":{"rendered":"<p>Laisse pour chien avec <strong data-start=\"472\" data-end=\"496\">2 points d&rsquo;attache.<br \/>\n<\/strong>Emp\u00eache l&rsquo;\u00e9touffement et am\u00e9liore le contr\u00f4le.<br \/>\nComprend des <strong data-start=\"549\" data-end=\"575\">poign\u00e9es rembourr\u00e9es<\/strong>, un design <strong data-start=\"584\" data-end=\"599\">r\u00e9fl\u00e9chissant<\/strong> et des <strong data-start=\"602\" data-end=\"636\">mat\u00e9riaux tr\u00e8s r\u00e9sistants<\/strong>.<br \/>\n<strong data-start=\"638\" data-end=\"688\">Id\u00e9al pour les chiens de toutes races et de toutes tailles.<\/strong><\/p>\n","protected":false},"featured_media":1190,"template":"","meta":[],"product_brand":[26],"product_cat":[120],"product_tag":[237,259,261,266,265,262,264,263],"class_list":{"0":"post-1823","1":"product","2":"type-product","3":"status-publish","4":"has-post-thumbnail","6":"product_brand-acarapets","7":"product_cat-laisses","8":"product_tag-accessoires-pour-chiens","9":"product_tag-laisse-pour-chien","10":"product_tag-sangle-anti-traction","11":"product_tag-sangle-avec-double-crochet","12":"product_tag-sangle-ergonomique","13":"product_tag-sangle-fourchue","14":"product_tag-sangle-reflechissante","15":"product_tag-sangle-reglable","17":"first","18":"instock","19":"shipping-taxable","20":"purchasable","21":"product-type-variable"},"_links":{"self":[{"href":"https:\/\/acarapets.com\/fr\/wp-json\/wp\/v2\/product\/1823","targetHints":{"allow":["GET"]}}],"collection":[{"href":"https:\/\/acarapets.com\/fr\/wp-json\/wp\/v2\/product"}],"about":[{"href":"https:\/\/acarapets.com\/fr\/wp-json\/wp\/v2\/types\/product"}],"wp:featuredmedia":[{"embeddable":true,"href":"https:\/\/acarapets.com\/fr\/wp-json\/wp\/v2\/media\/1190"}],"wp:attachment":[{"href":"https:\/\/acarapets.com\/fr\/wp-json\/wp\/v2\/media?parent=1823"}],"wp:term":[{"taxonomy":"product_brand","embeddable":true,"href":"https:\/\/acarapets.com\/fr\/wp-json\/wp\/v2\/product_brand?post=1823"},{"taxonomy":"product_cat","embeddable":true,"href":"https:\/\/acarapets.com\/fr\/wp-json\/wp\/v2\/product_cat?post=1823"},{"taxonomy":"product_tag","embeddable":true,"href":"https:\/\/acarapets.com\/fr\/wp-json\/wp\/v2\/product_tag?post=1823"}],"curies":[{"name":"wp","href":"https:\/\/api.w.org\/{rel}","templated":true}]}}