{"id":1152,"date":"2025-03-10T11:42:57","date_gmt":"2025-03-10T10:42:57","guid":{"rendered":"https:\/\/acarapets.com\/?post_type=product&#038;p=1152"},"modified":"2025-03-18T19:57:42","modified_gmt":"2025-03-18T18:57:42","slug":"collar-perro-anti-ahogo","status":"publish","type":"product","link":"https:\/\/acarapets.com\/it\/prodotto\/collar-perro-anti-ahogo\/","title":{"rendered":"Collar para Perro Antiahogo"},"content":{"rendered":"<p data-start=\"766\" data-end=\"979\">El <strong data-start=\"769\" data-end=\"799\">collar para perro ACARAPETS<\/strong> es la mejor opci\u00f3n para paseos seguros y c\u00f3modos. Su dise\u00f1o <strong data-start=\"860\" data-end=\"873\">antiahogo<\/strong> con <strong data-start=\"878\" data-end=\"912\">parte r\u00edgida bajo el agarrador<\/strong> evita la presi\u00f3n en el cuello, reduciendo el riesgo de lesiones.<\/p>\n<p data-start=\"981\" data-end=\"1453\">\u2714 <strong data-start=\"983\" data-end=\"1004\">Dise\u00f1o innovador:<\/strong> Dos anillas de enganche que evitan la presi\u00f3n excesiva en el cuello.<br data-start=\"1073\" data-end=\"1076\" \/>\u2714 <strong data-start=\"1078\" data-end=\"1100\">Agarre ergon\u00f3mico:<\/strong> Asa reforzada para sujetar sin da\u00f1ar al perro.<br data-start=\"1147\" data-end=\"1150\" \/>\u2714 <strong data-start=\"1152\" data-end=\"1177\">Material reflectante:<\/strong> Aumenta la visibilidad en condiciones de poca luz.<br data-start=\"1228\" data-end=\"1231\" \/>\u2714 <strong data-start=\"1233\" data-end=\"1271\">Transpirable y resistente al agua:<\/strong> Ideal para todo tipo de clima.<br data-start=\"1302\" data-end=\"1305\" \/>\u2714 <strong data-start=\"1307\" data-end=\"1334\">Cierre r\u00e1pido y seguro:<\/strong> F\u00e1cil de poner y quitar en segundos.<br data-start=\"1371\" data-end=\"1374\" \/>\u2714 <strong data-start=\"1376\" data-end=\"1415\">Disponible en 3 colores y 4 tallas:<\/strong> Adaptado a cualquier raza y tama\u00f1o.<\/p>\n<p data-start=\"1455\" data-end=\"1479\">\ud83d\udccf <strong data-start=\"1458\" data-end=\"1477\">Gu\u00eda de Tallas:<\/strong><\/p>\n<ul data-start=\"1480\" data-end=\"1560\">\n<li data-start=\"1480\" data-end=\"1500\"><strong data-start=\"1482\" data-end=\"1489\">XS:<\/strong> 26-33 cm<\/li>\n<li data-start=\"1501\" data-end=\"1520\"><strong data-start=\"1503\" data-end=\"1509\">S:<\/strong> 33-41 cm<\/li>\n<li data-start=\"1521\" data-end=\"1540\"><strong data-start=\"1523\" data-end=\"1529\">M:<\/strong> 41-49 cm<\/li>\n<li data-start=\"1541\" data-end=\"1560\"><strong data-start=\"1543\" data-end=\"1549\">L:<\/strong> 49-63 cm<\/li>\n<\/ul>\n<p data-start=\"1562\" data-end=\"1751\">\ud83d\udecd\ufe0f <strong data-start=\"1566\" data-end=\"1578\">Incluye:<\/strong> 1 collar con anillas met\u00e1licas reforzadas y cierre r\u00e1pido.<br data-start=\"1637\" data-end=\"1640\" \/>\u26a0\ufe0f <strong data-start=\"1643\" data-end=\"1652\">Nota:<\/strong> La <strong data-start=\"1656\" data-end=\"1673\">correa b\u00edfida<\/strong> es el complemento perfecto para este collar. \u00a1Disponible en nuestra tienda!<\/p>\n","protected":false},"excerpt":{"rendered":"<p>Collar para perro con <strong data-start=\"487\" data-end=\"510\">2 puntos de anclaje<\/strong> que evitan el ahogo.<br \/>\nIncorpora <strong data-start=\"542\" data-end=\"566\">agarrador ergon\u00f3mico<\/strong>, dise\u00f1o <strong data-start=\"575\" data-end=\"590\">reflectante<\/strong> y materiales <strong data-start=\"604\" data-end=\"621\">transpirables<\/strong> y <strong data-start=\"624\" data-end=\"639\">resistentes<\/strong>.<br \/>\n\u00a1M\u00e1xima comodidad y seguridad en los paseos!<\/p>\n","protected":false},"featured_media":1167,"template":"","meta":[],"product_brand":[26],"product_cat":[19],"product_tag":[63,69,67,72,71,66,68,70],"class_list":{"0":"post-1152","1":"product","2":"type-product","3":"status-publish","4":"has-post-thumbnail","6":"product_brand-acarapets","7":"product_cat-collares","8":"product_tag-accesorios-para-perros","9":"product_tag-collar-ajustable","10":"product_tag-collar-antiahogo","11":"product_tag-collar-con-agarrador","12":"product_tag-collar-ergonomico","13":"product_tag-collar-para-perro","14":"product_tag-collar-reflectante","15":"product_tag-collar-seguro","17":"first","18":"instock","19":"shipping-taxable","20":"purchasable","21":"product-type-variable"},"_links":{"self":[{"href":"https:\/\/acarapets.com\/it\/wp-json\/wp\/v2\/product\/1152","targetHints":{"allow":["GET"]}}],"collection":[{"href":"https:\/\/acarapets.com\/it\/wp-json\/wp\/v2\/product"}],"about":[{"href":"https:\/\/acarapets.com\/it\/wp-json\/wp\/v2\/types\/product"}],"wp:featuredmedia":[{"embeddable":true,"href":"https:\/\/acarapets.com\/it\/wp-json\/wp\/v2\/media\/1167"}],"wp:attachment":[{"href":"https:\/\/acarapets.com\/it\/wp-json\/wp\/v2\/media?parent=1152"}],"wp:term":[{"taxonomy":"product_brand","embeddable":true,"href":"https:\/\/acarapets.com\/it\/wp-json\/wp\/v2\/product_brand?post=1152"},{"taxonomy":"product_cat","embeddable":true,"href":"https:\/\/acarapets.com\/it\/wp-json\/wp\/v2\/product_cat?post=1152"},{"taxonomy":"product_tag","embeddable":true,"href":"https:\/\/acarapets.com\/it\/wp-json\/wp\/v2\/product_tag?post=1152"}],"curies":[{"name":"wp","href":"https:\/\/api.w.org\/{rel}","templated":true}]}}